{"id":69,"date":"2025-04-15T08:12:52","date_gmt":"2025-04-15T08:12:52","guid":{"rendered":"https:\/\/www.posuzovanishody.eu\/hlavni-strana\/?page_id=69"},"modified":"2025-04-15T08:21:13","modified_gmt":"2025-04-15T08:21:13","slug":"rizika-stroje","status":"publish","type":"page","link":"https:\/\/www.posuzovanishody.eu\/hlavni-strana\/rizika-stroje\/","title":{"rendered":"Rizika stroje"},"content":{"rendered":"\n<p>Navrhujete a\/nebo vyr\u00e1b\u00edte stroj, p\u0159\u00edpadn\u011b jin\u00e9 technick\u00e9 za\u0159\u00edzen\u00ed?<\/p>\n\n\n\n<p><em>Dokumentace posouzen\u00ed rizik je \u010dasto omezov\u00e1na na tzv. anal\u00fdzu rizik, co\u017e je z\u00e1sadn\u00ed chyba nebo neznalost projektanta \u010di v\u00fdrobce, kter\u00e1 v d\u016fsledku v\u00e1\u017en\u011b ohro\u017euje v\u0161echny akt\u00e9ry.<\/em><\/p>\n\n\n\n<p><em>Dokumentace posouzen\u00ed rizik mus\u00ed zahrnovat identifikaci, posouzen\u00ed n\u00e1vrhy na odstran\u011bn\u00ed \u010di alespo\u0148 sn\u00ed\u017een\u00ed rizika na akceptovatelnou \u00farove\u0148.<\/em><\/p>\n\n\n\n<p><em>Cel\u00fd proces je podrobn\u011b pops\u00e1n v harmonizovan\u00e9 technick\u00e9 norm\u011b \u010cSN EN ISO 12100, kter\u00e1 specifikuje z\u00e1kladn\u00ed terminologii, z\u00e1sady a metodologii pro dosa\u017een\u00ed bezpe\u010dnosti p\u0159i konstrukci strojn\u00edho za\u0159\u00edzen\u00ed. Norma specifikuje tak\u00e9 z\u00e1sady posouzen\u00ed a sni\u017eov\u00e1n\u00ed rizika jako pomoc konstrukt\u00e9r\u016fm k dosa\u017een\u00ed tohoto c\u00edle. <\/em><\/p>\n\n\n\n<p><em>Ve\u0161ker\u00e9 z\u00e1sady obsa\u017een\u00e9 v norm\u011b jsou zalo\u017eeny na znalosti a zku\u0161enosti z konstrukce, pou\u017e\u00edv\u00e1n\u00ed, nehod, \u00faraz\u016f a rizik u strojn\u00edch za\u0159\u00edzen\u00ed. Podrobn\u011b jsou pops\u00e1ny postupy pro identifikaci nebezpe\u010d\u00ed a pro odhad a hodnocen\u00ed rizik v relevantn\u00edch f\u00e1z\u00edch \u017eivotn\u00edho cyklu stroje, a pro vylou\u010den\u00ed nebezpe\u010d\u00ed nebo pro opat\u0159en\u00ed dostate\u010dn\u011b sni\u017euj\u00edc\u00ed riziko. Je uveden n\u00e1vod na dokumentaci a ov\u011b\u0159ov\u00e1n\u00ed procesu posouzen\u00ed rizika a sn\u00ed\u017een\u00ed rizika.<\/em><\/p>\n\n\n\n<div class=\"wp-block-columns is-layout-flex wp-container-core-columns-is-layout-1 wp-block-columns-is-layout-flex\">\n<div class=\"wp-block-column is-layout-flow wp-block-column-is-layout-flow\">\n<figure class=\"wp-block-image aligncenter size-full is-resized\"><img loading=\"lazy\" decoding=\"async\" width=\"255\" height=\"198\" src=\"https:\/\/www.posuzovanishody.eu\/wp-content\/uploads\/2025\/04\/ISO-logo.png\" alt=\"\" class=\"wp-image-103\" style=\"width:90px;height:auto\"\/><\/figure>\n<\/div>\n\n\n\n<div class=\"wp-block-column is-layout-flow wp-block-column-is-layout-flow\">\n<figure class=\"wp-block-image aligncenter size-large is-resized\"><img loading=\"lazy\" decoding=\"async\" width=\"1024\" height=\"832\" src=\"https:\/\/www.posuzovanishody.eu\/wp-content\/uploads\/2025\/04\/European_Committee_for_Standardization_logo.svg_-1024x832.png\" alt=\"\" class=\"wp-image-102\" style=\"width:85px;height:auto\" srcset=\"https:\/\/www.posuzovanishody.eu\/wp-content\/uploads\/2025\/04\/European_Committee_for_Standardization_logo.svg_-1024x832.png 1024w, https:\/\/www.posuzovanishody.eu\/wp-content\/uploads\/2025\/04\/European_Committee_for_Standardization_logo.svg_-300x244.png 300w, https:\/\/www.posuzovanishody.eu\/wp-content\/uploads\/2025\/04\/European_Committee_for_Standardization_logo.svg_-768x624.png 768w, https:\/\/www.posuzovanishody.eu\/wp-content\/uploads\/2025\/04\/European_Committee_for_Standardization_logo.svg_.png 1200w\" sizes=\"auto, (max-width: 1024px) 100vw, 1024px\" \/><\/figure>\n<\/div>\n\n\n\n<div class=\"wp-block-column is-layout-flow wp-block-column-is-layout-flow\">\n<figure class=\"wp-block-image size-large\"><img loading=\"lazy\" decoding=\"async\" width=\"1024\" height=\"564\" src=\"https:\/\/www.posuzovanishody.eu\/wp-content\/uploads\/2025\/04\/Cenelec_logo-1024x564.jpg\" alt=\"\" class=\"wp-image-101\" srcset=\"https:\/\/www.posuzovanishody.eu\/wp-content\/uploads\/2025\/04\/Cenelec_logo-1024x564.jpg 1024w, https:\/\/www.posuzovanishody.eu\/wp-content\/uploads\/2025\/04\/Cenelec_logo-300x165.jpg 300w, https:\/\/www.posuzovanishody.eu\/wp-content\/uploads\/2025\/04\/Cenelec_logo-768x423.jpg 768w, https:\/\/www.posuzovanishody.eu\/wp-content\/uploads\/2025\/04\/Cenelec_logo.jpg 1069w\" sizes=\"auto, (max-width: 1024px) 100vw, 1024px\" \/><\/figure>\n<\/div>\n<\/div>\n\n\n\n<p><\/p>\n","protected":false},"excerpt":{"rendered":"<p>Navrhujete a\/nebo vyr\u00e1b\u00edte stroj, p\u0159\u00edpadn\u011b jin\u00e9 technick\u00e9 za\u0159\u00edzen\u00ed? Dokumentace posouzen\u00ed rizik je \u010dasto omezov\u00e1na na tzv. anal\u00fdzu rizik, co\u017e je z\u00e1sadn\u00ed chyba nebo neznalost projektanta \u010di v\u00fdrobce, kter\u00e1 v d\u016fsledku v\u00e1\u017en\u011b ohro\u017euje v\u0161echny akt\u00e9ry. Dokumentace posouzen\u00ed rizik mus\u00ed zahrnovat identifikaci, posouzen\u00ed n\u00e1vrhy na odstran\u011bn\u00ed \u010di alespo\u0148 sn\u00ed\u017een\u00ed rizika na akceptovatelnou \u00farove\u0148. Cel\u00fd proces je podrobn\u011b [&hellip;]<\/p>\n","protected":false},"author":1,"featured_media":0,"parent":0,"menu_order":0,"comment_status":"closed","ping_status":"closed","template":"","meta":{"footnotes":""},"class_list":["post-69","page","type-page","status-publish","hentry"],"_links":{"self":[{"href":"https:\/\/www.posuzovanishody.eu\/hlavni-strana\/wp-json\/wp\/v2\/pages\/69","targetHints":{"allow":["GET"]}}],"collection":[{"href":"https:\/\/www.posuzovanishody.eu\/hlavni-strana\/wp-json\/wp\/v2\/pages"}],"about":[{"href":"https:\/\/www.posuzovanishody.eu\/hlavni-strana\/wp-json\/wp\/v2\/types\/page"}],"author":[{"embeddable":true,"href":"https:\/\/www.posuzovanishody.eu\/hlavni-strana\/wp-json\/wp\/v2\/users\/1"}],"replies":[{"embeddable":true,"href":"https:\/\/www.posuzovanishody.eu\/hlavni-strana\/wp-json\/wp\/v2\/comments?post=69"}],"version-history":[{"count":4,"href":"https:\/\/www.posuzovanishody.eu\/hlavni-strana\/wp-json\/wp\/v2\/pages\/69\/revisions"}],"predecessor-version":[{"id":106,"href":"https:\/\/www.posuzovanishody.eu\/hlavni-strana\/wp-json\/wp\/v2\/pages\/69\/revisions\/106"}],"wp:attachment":[{"href":"https:\/\/www.posuzovanishody.eu\/hlavni-strana\/wp-json\/wp\/v2\/media?parent=69"}],"curies":[{"name":"wp","href":"https:\/\/api.w.org\/{rel}","templated":true}]}}