{"id":63,"date":"2025-04-15T07:49:09","date_gmt":"2025-04-15T07:49:09","guid":{"rendered":"https:\/\/www.posuzovanishody.eu\/hlavni-strana\/?page_id=63"},"modified":"2025-04-15T07:53:45","modified_gmt":"2025-04-15T07:53:45","slug":"oznaceni-stroje","status":"publish","type":"page","link":"https:\/\/www.posuzovanishody.eu\/hlavni-strana\/oznaceni-stroje\/","title":{"rendered":"Ozna\u010den\u00ed stroje"},"content":{"rendered":"\n<p><strong>Um\u00eds\u0165ujete na za\u0159\u00edzen\u00ed zna\u010dku shody CE? V\u00edte, \u017ee pravidla pro um\u00edst\u011bn\u00ed jsou pom\u011brn\u011b striktn\u00ed? V\u00edte, jak m\u00e1 zna\u010dka CE vypadat?<\/strong><\/p>\n\n\n\n<p><em>Aby byla zaji\u0161t\u011bna rovnocennost ozna\u010den\u00ed CE se zna\u010dkou v\u00fdrobce, je d\u016fle\u017eit\u00e9, aby byly ob\u011b zna\u010dky p\u0159ipojeny stejnou technikou. Aby se p\u0159ede\u0161lo z\u00e1m\u011bn\u011b ozna\u010den\u00ed CE, kter\u00e9 se m\u016f\u017ee objevit na n\u011bkter\u00fdch sou\u010d\u00e1stech, s ozna\u010den\u00edm CE strojn\u00edho za\u0159\u00edzen\u00ed, m\u011blo by b\u00fdt posledn\u011b uveden\u00e9 ozna\u010den\u00ed p\u0159ipojeno vedle jm\u00e9na osoby, kter\u00e1 za strojn\u00ed za\u0159\u00edzen\u00ed odpov\u00edd\u00e1, tj. v\u00fdrobce nebo jeho zplnomocn\u011bn\u00e9ho z\u00e1stupce.<\/em><\/p>\n\n\n\n<p><em>Ozna\u010den\u00ed CE by m\u011blo b\u00fdt pln\u011b uzn\u00e1no jako jedin\u00e9 ozna\u010den\u00ed, kter\u00e9 zaru\u010duje, \u017ee strojn\u00ed za\u0159\u00edzen\u00ed spl\u0148uje po\u017eadavky t\u00e9to sm\u011brnice. V\u0161echna ostatn\u00ed ozna\u010den\u00ed, kter\u00e1 by mohla t\u0159et\u00ed osoby uv\u00e9st v omyl, pokud jde o v\u00fdznam nebo tvar ozna\u010den\u00ed CE nebo oboj\u00ed, by m\u011bla b\u00fdt zak\u00e1z\u00e1na.<\/em><\/p>\n\n\n\n<p><em>Jestli\u017ee org\u00e1n dozoru nad trhem zjist\u00ed neshodu s ohledem na ozna\u010den\u00ed CE, je n\u00e1pravn\u00fdm opat\u0159en\u00edm sta\u017een\u00ed v\u00fdrobku z trhu, kter\u00e9 je omezuj\u00edc\u00edm opat\u0159en\u00edm v\u016f\u010di v\u00fdrobci.<\/em><\/p>\n\n\n\n<figure class=\"wp-block-image size-full\"><img loading=\"lazy\" decoding=\"async\" width=\"736\" height=\"389\" src=\"https:\/\/www.posuzovanishody.eu\/wp-content\/uploads\/2025\/04\/Oznaceni-CE.png\" alt=\"\" class=\"wp-image-88\" srcset=\"https:\/\/www.posuzovanishody.eu\/wp-content\/uploads\/2025\/04\/Oznaceni-CE.png 736w, https:\/\/www.posuzovanishody.eu\/wp-content\/uploads\/2025\/04\/Oznaceni-CE-300x159.png 300w\" sizes=\"auto, (max-width: 736px) 100vw, 736px\" \/><\/figure>\n\n\n\n<p><strong>V\u00edte, \u017ee existuje i zna\u010dka CE, kter\u00e1 nen\u00ed zna\u010dkou shody, ale p\u0159esto se na v\u00fdrobc\u00edch velice \u010dasto objevuje?<\/strong><\/p>\n\n\n\n<p><em>Jedn\u00e1 se o obchodn\u00ed zna\u010dku \u010d\u00ednsk\u00fdch v\u00fdrobk\u016f China Export:<\/em><\/p>\n\n\n\n<figure class=\"wp-block-image aligncenter size-full is-resized\"><img loading=\"lazy\" decoding=\"async\" width=\"300\" height=\"200\" src=\"https:\/\/www.posuzovanishody.eu\/wp-content\/uploads\/2025\/04\/51-ce-srovnani.gif\" alt=\"\" class=\"wp-image-87\" style=\"width:381px;height:auto\"\/><\/figure>\n","protected":false},"excerpt":{"rendered":"<p>Um\u00eds\u0165ujete na za\u0159\u00edzen\u00ed zna\u010dku shody CE? V\u00edte, \u017ee pravidla pro um\u00edst\u011bn\u00ed jsou pom\u011brn\u011b striktn\u00ed? V\u00edte, jak m\u00e1 zna\u010dka CE vypadat? Aby byla zaji\u0161t\u011bna rovnocennost ozna\u010den\u00ed CE se zna\u010dkou v\u00fdrobce, je d\u016fle\u017eit\u00e9, aby byly ob\u011b zna\u010dky p\u0159ipojeny stejnou technikou. Aby se p\u0159ede\u0161lo z\u00e1m\u011bn\u011b ozna\u010den\u00ed CE, kter\u00e9 se m\u016f\u017ee objevit na n\u011bkter\u00fdch sou\u010d\u00e1stech, s ozna\u010den\u00edm CE strojn\u00edho [&hellip;]<\/p>\n","protected":false},"author":1,"featured_media":0,"parent":0,"menu_order":0,"comment_status":"closed","ping_status":"closed","template":"","meta":{"footnotes":""},"class_list":["post-63","page","type-page","status-publish","hentry"],"_links":{"self":[{"href":"https:\/\/www.posuzovanishody.eu\/hlavni-strana\/wp-json\/wp\/v2\/pages\/63","targetHints":{"allow":["GET"]}}],"collection":[{"href":"https:\/\/www.posuzovanishody.eu\/hlavni-strana\/wp-json\/wp\/v2\/pages"}],"about":[{"href":"https:\/\/www.posuzovanishody.eu\/hlavni-strana\/wp-json\/wp\/v2\/types\/page"}],"author":[{"embeddable":true,"href":"https:\/\/www.posuzovanishody.eu\/hlavni-strana\/wp-json\/wp\/v2\/users\/1"}],"replies":[{"embeddable":true,"href":"https:\/\/www.posuzovanishody.eu\/hlavni-strana\/wp-json\/wp\/v2\/comments?post=63"}],"version-history":[{"count":4,"href":"https:\/\/www.posuzovanishody.eu\/hlavni-strana\/wp-json\/wp\/v2\/pages\/63\/revisions"}],"predecessor-version":[{"id":92,"href":"https:\/\/www.posuzovanishody.eu\/hlavni-strana\/wp-json\/wp\/v2\/pages\/63\/revisions\/92"}],"wp:attachment":[{"href":"https:\/\/www.posuzovanishody.eu\/hlavni-strana\/wp-json\/wp\/v2\/media?parent=63"}],"curies":[{"name":"wp","href":"https:\/\/api.w.org\/{rel}","templated":true}]}}