{"id":42,"date":"2025-04-14T18:13:55","date_gmt":"2025-04-14T18:13:55","guid":{"rendered":"https:\/\/www.posuzovanishody.eu\/?page_id=42"},"modified":"2025-04-16T09:14:13","modified_gmt":"2025-04-16T09:14:13","slug":"nebezpeci","status":"publish","type":"page","link":"https:\/\/www.posuzovanishody.eu\/hlavni-strana\/nebezpeci\/","title":{"rendered":"Nebezpe\u010d\u00ed"},"content":{"rendered":"\n<p>Hled\u00e1te jistotu, \u017ee va\u0161e stroje a elektrick\u00e1 za\u0159\u00edzen\u00ed spl\u0148uj\u00ed evropsk\u00e9 normy a p\u0159edpisy? Jsme tu, abychom v\u00e1m pomohli! <\/p>\n\n\n\n<p><em>Na\u0161i odborn\u00edci pe\u010dliv\u011b posoud\u00ed shodu va\u0161ich za\u0159\u00edzen\u00ed s platn\u00fdmi evropsk\u00fdmi standardy, abyste mohli m\u00edt klid na du\u0161i. Kontaktujte n\u00e1s je\u0161t\u011b dnes a zajist\u011bte si bezpe\u010dn\u00fd a bezprobl\u00e9mov\u00fd provoz va\u0161ich za\u0159\u00edzen\u00ed. Va\u0161e spokojenost a bezpe\u010dnost jsou na\u0161\u00ed prioritou!<\/em><\/p>\n\n\n\n<figure class=\"wp-block-gallery has-nested-images columns-default is-cropped wp-block-gallery-1 is-layout-flex wp-block-gallery-is-layout-flex\">\n<figure class=\"wp-block-image size-large\"><img loading=\"lazy\" decoding=\"async\" width=\"1024\" height=\"1024\" data-id=\"134\" src=\"https:\/\/www.posuzovanishody.eu\/wp-content\/uploads\/2025\/04\/IMG_4816.jpg\" alt=\"\" class=\"wp-image-134\" srcset=\"https:\/\/www.posuzovanishody.eu\/wp-content\/uploads\/2025\/04\/IMG_4816.jpg 1024w, https:\/\/www.posuzovanishody.eu\/wp-content\/uploads\/2025\/04\/IMG_4816-300x300.jpg 300w, https:\/\/www.posuzovanishody.eu\/wp-content\/uploads\/2025\/04\/IMG_4816-150x150.jpg 150w, https:\/\/www.posuzovanishody.eu\/wp-content\/uploads\/2025\/04\/IMG_4816-768x768.jpg 768w\" sizes=\"auto, (max-width: 1024px) 100vw, 1024px\" \/><\/figure>\n\n\n\n<figure class=\"wp-block-image size-large\"><img loading=\"lazy\" decoding=\"async\" width=\"1024\" height=\"1024\" data-id=\"135\" src=\"https:\/\/www.posuzovanishody.eu\/wp-content\/uploads\/2025\/04\/IMG_4817.jpg\" alt=\"\" class=\"wp-image-135\" srcset=\"https:\/\/www.posuzovanishody.eu\/wp-content\/uploads\/2025\/04\/IMG_4817.jpg 1024w, https:\/\/www.posuzovanishody.eu\/wp-content\/uploads\/2025\/04\/IMG_4817-300x300.jpg 300w, https:\/\/www.posuzovanishody.eu\/wp-content\/uploads\/2025\/04\/IMG_4817-150x150.jpg 150w, https:\/\/www.posuzovanishody.eu\/wp-content\/uploads\/2025\/04\/IMG_4817-768x768.jpg 768w\" sizes=\"auto, (max-width: 1024px) 100vw, 1024px\" \/><\/figure>\n\n\n\n<figure class=\"wp-block-image size-large\"><img loading=\"lazy\" decoding=\"async\" width=\"1024\" height=\"1024\" data-id=\"133\" src=\"https:\/\/www.posuzovanishody.eu\/wp-content\/uploads\/2025\/04\/IMG_4815.jpg\" alt=\"\" class=\"wp-image-133\" srcset=\"https:\/\/www.posuzovanishody.eu\/wp-content\/uploads\/2025\/04\/IMG_4815.jpg 1024w, https:\/\/www.posuzovanishody.eu\/wp-content\/uploads\/2025\/04\/IMG_4815-300x300.jpg 300w, https:\/\/www.posuzovanishody.eu\/wp-content\/uploads\/2025\/04\/IMG_4815-150x150.jpg 150w, https:\/\/www.posuzovanishody.eu\/wp-content\/uploads\/2025\/04\/IMG_4815-768x768.jpg 768w\" sizes=\"auto, (max-width: 1024px) 100vw, 1024px\" \/><\/figure>\n<\/figure>\n","protected":false},"excerpt":{"rendered":"<p>Hled\u00e1te jistotu, \u017ee va\u0161e stroje a elektrick\u00e1 za\u0159\u00edzen\u00ed spl\u0148uj\u00ed evropsk\u00e9 normy a p\u0159edpisy? Jsme tu, abychom v\u00e1m pomohli! Na\u0161i odborn\u00edci pe\u010dliv\u011b posoud\u00ed shodu va\u0161ich za\u0159\u00edzen\u00ed s platn\u00fdmi evropsk\u00fdmi standardy, abyste mohli m\u00edt klid na du\u0161i. Kontaktujte n\u00e1s je\u0161t\u011b dnes a zajist\u011bte si bezpe\u010dn\u00fd a bezprobl\u00e9mov\u00fd provoz va\u0161ich za\u0159\u00edzen\u00ed. Va\u0161e spokojenost a bezpe\u010dnost jsou na\u0161\u00ed prioritou!<\/p>\n","protected":false},"author":1,"featured_media":0,"parent":0,"menu_order":1,"comment_status":"closed","ping_status":"closed","template":"page-no-title","meta":{"footnotes":""},"class_list":["post-42","page","type-page","status-publish","hentry"],"_links":{"self":[{"href":"https:\/\/www.posuzovanishody.eu\/hlavni-strana\/wp-json\/wp\/v2\/pages\/42","targetHints":{"allow":["GET"]}}],"collection":[{"href":"https:\/\/www.posuzovanishody.eu\/hlavni-strana\/wp-json\/wp\/v2\/pages"}],"about":[{"href":"https:\/\/www.posuzovanishody.eu\/hlavni-strana\/wp-json\/wp\/v2\/types\/page"}],"author":[{"embeddable":true,"href":"https:\/\/www.posuzovanishody.eu\/hlavni-strana\/wp-json\/wp\/v2\/users\/1"}],"replies":[{"embeddable":true,"href":"https:\/\/www.posuzovanishody.eu\/hlavni-strana\/wp-json\/wp\/v2\/comments?post=42"}],"version-history":[{"count":3,"href":"https:\/\/www.posuzovanishody.eu\/hlavni-strana\/wp-json\/wp\/v2\/pages\/42\/revisions"}],"predecessor-version":[{"id":160,"href":"https:\/\/www.posuzovanishody.eu\/hlavni-strana\/wp-json\/wp\/v2\/pages\/42\/revisions\/160"}],"wp:attachment":[{"href":"https:\/\/www.posuzovanishody.eu\/hlavni-strana\/wp-json\/wp\/v2\/media?parent=42"}],"curies":[{"name":"wp","href":"https:\/\/api.w.org\/{rel}","templated":true}]}}