{"id":19,"date":"2025-04-14T12:09:26","date_gmt":"2025-04-14T12:09:26","guid":{"rendered":"https:\/\/www.posuzovanishody.eu\/?page_id=19"},"modified":"2025-04-15T07:59:18","modified_gmt":"2025-04-15T07:59:18","slug":"reverzni-inzenyrstvi","status":"publish","type":"page","link":"https:\/\/www.posuzovanishody.eu\/hlavni-strana\/reverzni-inzenyrstvi\/","title":{"rendered":"Reverzn\u00ed in\u017een\u00fdrstv\u00ed"},"content":{"rendered":"\n<p><strong>Reverzn\u00ed (zp\u011btn\u00e9) in\u017een\u00fdrstv\u00ed<\/strong>\u00a0(Reverse Engineering) je ozna\u010den\u00ed pro \u010dinnosti, jejich\u017e prost\u0159ednictv\u00edm zkoum\u00e1me kontruk\u010dn\u00ed proveden\u00ed konkr\u00e9tn\u00edho stroje a jeho p\u0159\u00edslu\u0161enstv\u00ed.<\/p>\n\n\n\n<p>\u010cinnosti prov\u00e1d\u00edme pomoc\u00ed 3D scaner\u016f, v ru\u010dn\u00edm nebo stacion\u00e1rn\u00edm proveden\u00ed. V\u00fdstupem 3D sn\u00edm\u00e1n\u00ed je rozs\u00e1hl\u00fd soubor bod\u016f, kter\u00e9 jsou ur\u010deny p\u0159esnou polohou (sou\u0159adnicemi) i dal\u0161\u00edmi hodnotami, kter\u00e9 umo\u017e\u0148uj\u00ed jejich jednozna\u010dnou identifikaci (tzv. mra\u010dna bod\u016f).<\/p>\n\n\n\n<p>Reverzn\u00ed in\u017een\u00fdrstv\u00ed nikdy nepou\u017e\u00edv\u00e1me za nevyjasn\u011bn\u00e9 pr\u00e1vn\u00ed situace ur\u010duj\u00edc\u00ed vztah z\u00e1kazn\u00edka a sn\u00edman\u00e9ho stroje tak, abychom vyhnuli pochybnostem o legitimit\u011b prov\u00e1d\u011bn\u00e9 \u010dinnosti (pr\u016fmyslov\u00e1 \u0161pion\u00e1\u017e, poru\u0161en\u00ed\u00a0pr\u00e1v du\u0161evn\u00edho vlastnictv\u00ed apod).<\/p>\n\n\n\n<p>Vytvo\u0159\u00edme v\u00e1m podrobn\u00fd model i popis stroje, kter\u00fd bude digit\u00e1ln\u00edm dvoj\u010detem skute\u010dn\u00e9ho proveden\u00ed.<\/p>\n\n\n\n<figure class=\"wp-block-image size-full\"><img loading=\"lazy\" decoding=\"async\" width=\"1024\" height=\"1024\" src=\"https:\/\/www.posuzovanishody.eu\/wp-content\/uploads\/2025\/04\/IMG_4791.jpg\" alt=\"\" class=\"wp-image-81\" srcset=\"https:\/\/www.posuzovanishody.eu\/wp-content\/uploads\/2025\/04\/IMG_4791.jpg 1024w, https:\/\/www.posuzovanishody.eu\/wp-content\/uploads\/2025\/04\/IMG_4791-300x300.jpg 300w, https:\/\/www.posuzovanishody.eu\/wp-content\/uploads\/2025\/04\/IMG_4791-150x150.jpg 150w, https:\/\/www.posuzovanishody.eu\/wp-content\/uploads\/2025\/04\/IMG_4791-768x768.jpg 768w\" sizes=\"auto, (max-width: 1024px) 100vw, 1024px\" \/><\/figure>\n","protected":false},"excerpt":{"rendered":"<p>Reverzn\u00ed (zp\u011btn\u00e9) in\u017een\u00fdrstv\u00ed\u00a0(Reverse Engineering) je ozna\u010den\u00ed pro \u010dinnosti, jejich\u017e prost\u0159ednictv\u00edm zkoum\u00e1me kontruk\u010dn\u00ed proveden\u00ed konkr\u00e9tn\u00edho stroje a jeho p\u0159\u00edslu\u0161enstv\u00ed. \u010cinnosti prov\u00e1d\u00edme pomoc\u00ed 3D scaner\u016f, v ru\u010dn\u00edm nebo stacion\u00e1rn\u00edm proveden\u00ed. V\u00fdstupem 3D sn\u00edm\u00e1n\u00ed je rozs\u00e1hl\u00fd soubor bod\u016f, kter\u00e9 jsou ur\u010deny p\u0159esnou polohou (sou\u0159adnicemi) i dal\u0161\u00edmi hodnotami, kter\u00e9 umo\u017e\u0148uj\u00ed jejich jednozna\u010dnou identifikaci (tzv. mra\u010dna bod\u016f). Reverzn\u00ed in\u017een\u00fdrstv\u00ed nikdy [&hellip;]<\/p>\n","protected":false},"author":1,"featured_media":0,"parent":0,"menu_order":1,"comment_status":"closed","ping_status":"closed","template":"","meta":{"footnotes":""},"class_list":["post-19","page","type-page","status-publish","hentry"],"_links":{"self":[{"href":"https:\/\/www.posuzovanishody.eu\/hlavni-strana\/wp-json\/wp\/v2\/pages\/19","targetHints":{"allow":["GET"]}}],"collection":[{"href":"https:\/\/www.posuzovanishody.eu\/hlavni-strana\/wp-json\/wp\/v2\/pages"}],"about":[{"href":"https:\/\/www.posuzovanishody.eu\/hlavni-strana\/wp-json\/wp\/v2\/types\/page"}],"author":[{"embeddable":true,"href":"https:\/\/www.posuzovanishody.eu\/hlavni-strana\/wp-json\/wp\/v2\/users\/1"}],"replies":[{"embeddable":true,"href":"https:\/\/www.posuzovanishody.eu\/hlavni-strana\/wp-json\/wp\/v2\/comments?post=19"}],"version-history":[{"count":2,"href":"https:\/\/www.posuzovanishody.eu\/hlavni-strana\/wp-json\/wp\/v2\/pages\/19\/revisions"}],"predecessor-version":[{"id":96,"href":"https:\/\/www.posuzovanishody.eu\/hlavni-strana\/wp-json\/wp\/v2\/pages\/19\/revisions\/96"}],"wp:attachment":[{"href":"https:\/\/www.posuzovanishody.eu\/hlavni-strana\/wp-json\/wp\/v2\/media?parent=19"}],"curies":[{"name":"wp","href":"https:\/\/api.w.org\/{rel}","templated":true}]}}