{"id":130,"date":"2025-04-16T07:34:31","date_gmt":"2025-04-16T07:34:31","guid":{"rendered":"https:\/\/www.posuzovanishody.eu\/hlavni-strana\/?page_id=130"},"modified":"2025-04-16T07:34:31","modified_gmt":"2025-04-16T07:34:31","slug":"technicke-dokumenty","status":"publish","type":"page","link":"https:\/\/www.posuzovanishody.eu\/hlavni-strana\/technicke-dokumenty\/","title":{"rendered":"Technick\u00e9 dokumenty"},"content":{"rendered":"\n<p>Je pro v\u00e1s prioritou funkcionalita stroje a &#8222;pap\u00edry&#8220; moc ne\u0159e\u0161\u00edte?<\/p>\n\n\n\n<p>Z provozn\u00edho hlediska a snahy vyr\u00e1b\u011bt lze tento stav \u010d\u00e1ste\u010dn\u011b ch\u00e1pat, ale to nic nem\u011bn\u00ed na skute\u010dnosti, \u017ee pr\u00e1vn\u00ed stav takov\u00e9ho po\u010d\u00edn\u00e1n\u00ed je v rozporu s po\u017eadavky a povinnostmi v\u00fdrobc\u016f i provozovatel\u016f technick\u00fdch za\u0159\u00edzen\u00ed.<\/p>\n\n\n\n<p>Jen &#8222;pap\u00edry&#8220; a skute\u010dn\u00e9 proveden\u00ed stroje nebo jin\u00e9ho technick\u00e9ho za\u0159\u00edzen\u00ed prokazuj\u00ed spln\u011bn\u00ed z\u00e1kladn\u00edch technick\u00fdch po\u017eadavk\u016f na ochranu zdrav\u00ed a bezpe\u010dnost. <\/p>\n\n\n\n<p>V p\u0159\u00edpad\u011b kontroly, \u00farazu nebo jin\u00e9 mimo\u0159\u00e1dn\u00e9 ud\u00e1losti je kontrolovan\u00fd subjekt bez &#8222;pap\u00edr\u016f&#8220; jako nah\u00fd v trn\u00ed&#8230;<\/p>\n\n\n\n<figure class=\"wp-block-image size-full\"><img loading=\"lazy\" decoding=\"async\" width=\"1024\" height=\"1024\" src=\"https:\/\/www.posuzovanishody.eu\/wp-content\/uploads\/2025\/04\/IMG_4819.jpg\" alt=\"\" class=\"wp-image-138\" srcset=\"https:\/\/www.posuzovanishody.eu\/wp-content\/uploads\/2025\/04\/IMG_4819.jpg 1024w, https:\/\/www.posuzovanishody.eu\/wp-content\/uploads\/2025\/04\/IMG_4819-300x300.jpg 300w, https:\/\/www.posuzovanishody.eu\/wp-content\/uploads\/2025\/04\/IMG_4819-150x150.jpg 150w, https:\/\/www.posuzovanishody.eu\/wp-content\/uploads\/2025\/04\/IMG_4819-768x768.jpg 768w\" sizes=\"auto, (max-width: 1024px) 100vw, 1024px\" \/><\/figure>\n","protected":false},"excerpt":{"rendered":"<p>Je pro v\u00e1s prioritou funkcionalita stroje a &#8222;pap\u00edry&#8220; moc ne\u0159e\u0161\u00edte? Z provozn\u00edho hlediska a snahy vyr\u00e1b\u011bt lze tento stav \u010d\u00e1ste\u010dn\u011b ch\u00e1pat, ale to nic nem\u011bn\u00ed na skute\u010dnosti, \u017ee pr\u00e1vn\u00ed stav takov\u00e9ho po\u010d\u00edn\u00e1n\u00ed je v rozporu s po\u017eadavky a povinnostmi v\u00fdrobc\u016f i provozovatel\u016f technick\u00fdch za\u0159\u00edzen\u00ed. Jen &#8222;pap\u00edry&#8220; a skute\u010dn\u00e9 proveden\u00ed stroje nebo jin\u00e9ho technick\u00e9ho za\u0159\u00edzen\u00ed prokazuj\u00ed [&hellip;]<\/p>\n","protected":false},"author":1,"featured_media":0,"parent":0,"menu_order":0,"comment_status":"closed","ping_status":"closed","template":"","meta":{"footnotes":""},"class_list":["post-130","page","type-page","status-publish","hentry"],"_links":{"self":[{"href":"https:\/\/www.posuzovanishody.eu\/hlavni-strana\/wp-json\/wp\/v2\/pages\/130","targetHints":{"allow":["GET"]}}],"collection":[{"href":"https:\/\/www.posuzovanishody.eu\/hlavni-strana\/wp-json\/wp\/v2\/pages"}],"about":[{"href":"https:\/\/www.posuzovanishody.eu\/hlavni-strana\/wp-json\/wp\/v2\/types\/page"}],"author":[{"embeddable":true,"href":"https:\/\/www.posuzovanishody.eu\/hlavni-strana\/wp-json\/wp\/v2\/users\/1"}],"replies":[{"embeddable":true,"href":"https:\/\/www.posuzovanishody.eu\/hlavni-strana\/wp-json\/wp\/v2\/comments?post=130"}],"version-history":[{"count":3,"href":"https:\/\/www.posuzovanishody.eu\/hlavni-strana\/wp-json\/wp\/v2\/pages\/130\/revisions"}],"predecessor-version":[{"id":139,"href":"https:\/\/www.posuzovanishody.eu\/hlavni-strana\/wp-json\/wp\/v2\/pages\/130\/revisions\/139"}],"wp:attachment":[{"href":"https:\/\/www.posuzovanishody.eu\/hlavni-strana\/wp-json\/wp\/v2\/media?parent=130"}],"curies":[{"name":"wp","href":"https:\/\/api.w.org\/{rel}","templated":true}]}}