{"id":121,"date":"2025-04-16T06:36:12","date_gmt":"2025-04-16T06:36:12","guid":{"rendered":"https:\/\/www.posuzovanishody.eu\/hlavni-strana\/?page_id=121"},"modified":"2025-04-16T09:11:59","modified_gmt":"2025-04-16T09:11:59","slug":"kontakty","status":"publish","type":"page","link":"https:\/\/www.posuzovanishody.eu\/hlavni-strana\/kontakty\/","title":{"rendered":"Kontakty"},"content":{"rendered":"\n<p><strong>Jsme zde pro V\u00e1s 24\/7:<\/strong><\/p>\n\n\n\n<p class=\"has-small-font-size\"><strong>Telefon<\/strong>:<\/p>\n\n\n\n<p><em>+420 720 196 794<\/em><\/p>\n\n\n\n<p class=\"has-small-font-size\"><strong>E-mail<\/strong>:<\/p>\n\n\n\n<p><em>info@posuzovanishody.eu<\/em><\/p>\n\n\n\n<p class=\"has-small-font-size\"><strong>Web<\/strong>:<\/p>\n\n\n\n<p><em>https:\/\/www.posuzovanishody.eu<\/em><\/p>\n\n\n\n<p class=\"has-small-font-size\"><strong>Datov\u00e1 schr\u00e1nka<\/strong>:<\/p>\n\n\n\n<p><strong><em>rtrhbe9<\/em><\/strong><\/p>\n\n\n\n<p class=\"has-small-font-size\"><strong>Koresponden\u010dn\u00ed adresa a osobn\u00ed sch\u016fzky<\/strong>:<\/p>\n\n\n\n<p>Praha, Na Florenci 2116\/15, PS\u010c 110 00<\/p>\n\n\n\n<p class=\"has-large-font-size\"><em>Pozice na map\u011b: 50.0893647N, 14.4352875E<\/em><\/p>\n\n\n\n<p class=\"has-small-font-size\"><em>Vstup z ulic Na Po\u0159\u00ed\u010d\u00ed a Na Florenci<\/em><\/p>\n\n\n\n<p class=\"has-small-font-size\"><em>Stanice Metra B &#8211; N\u00e1m\u011bst\u00ed republiky, stanice Metra B,C &#8211; Florenc <\/em><\/p>\n\n\n\n<figure class=\"wp-block-gallery has-nested-images columns-default is-cropped wp-block-gallery-1 is-layout-flex wp-block-gallery-is-layout-flex\">\n<figure class=\"wp-block-image size-large\"><img loading=\"lazy\" decoding=\"async\" width=\"1024\" height=\"636\" data-id=\"124\" src=\"https:\/\/www.posuzovanishody.eu\/wp-content\/uploads\/2025\/04\/Mapa-1-1024x636.jpg\" alt=\"\" class=\"wp-image-124\" srcset=\"https:\/\/www.posuzovanishody.eu\/wp-content\/uploads\/2025\/04\/Mapa-1-1024x636.jpg 1024w, https:\/\/www.posuzovanishody.eu\/wp-content\/uploads\/2025\/04\/Mapa-1-300x186.jpg 300w, https:\/\/www.posuzovanishody.eu\/wp-content\/uploads\/2025\/04\/Mapa-1-768x477.jpg 768w, https:\/\/www.posuzovanishody.eu\/wp-content\/uploads\/2025\/04\/Mapa-1-1536x954.jpg 1536w, https:\/\/www.posuzovanishody.eu\/wp-content\/uploads\/2025\/04\/Mapa-1-2048x1273.jpg 2048w\" sizes=\"auto, (max-width: 1024px) 100vw, 1024px\" \/><\/figure>\n\n\n\n<figure class=\"wp-block-image size-large\"><img loading=\"lazy\" decoding=\"async\" width=\"1024\" height=\"584\" data-id=\"125\" src=\"https:\/\/www.posuzovanishody.eu\/wp-content\/uploads\/2025\/04\/Mapa-2-1024x584.jpg\" alt=\"\" class=\"wp-image-125\" srcset=\"https:\/\/www.posuzovanishody.eu\/wp-content\/uploads\/2025\/04\/Mapa-2-1024x584.jpg 1024w, https:\/\/www.posuzovanishody.eu\/wp-content\/uploads\/2025\/04\/Mapa-2-300x171.jpg 300w, https:\/\/www.posuzovanishody.eu\/wp-content\/uploads\/2025\/04\/Mapa-2-768x438.jpg 768w, https:\/\/www.posuzovanishody.eu\/wp-content\/uploads\/2025\/04\/Mapa-2-1536x877.jpg 1536w, https:\/\/www.posuzovanishody.eu\/wp-content\/uploads\/2025\/04\/Mapa-2-2048x1169.jpg 2048w\" sizes=\"auto, (max-width: 1024px) 100vw, 1024px\" \/><\/figure>\n<\/figure>\n","protected":false},"excerpt":{"rendered":"<p>Jsme zde pro V\u00e1s 24\/7: Telefon: +420 720 196 794 E-mail: info@posuzovanishody.eu Web: https:\/\/www.posuzovanishody.eu Datov\u00e1 schr\u00e1nka: rtrhbe9 Koresponden\u010dn\u00ed adresa a osobn\u00ed sch\u016fzky: Praha, Na Florenci 2116\/15, PS\u010c 110 00 Pozice na map\u011b: 50.0893647N, 14.4352875E Vstup z ulic Na Po\u0159\u00ed\u010d\u00ed a Na Florenci Stanice Metra B &#8211; N\u00e1m\u011bst\u00ed republiky, stanice Metra B,C &#8211; Florenc<\/p>\n","protected":false},"author":1,"featured_media":0,"parent":0,"menu_order":0,"comment_status":"closed","ping_status":"closed","template":"","meta":{"footnotes":""},"class_list":["post-121","page","type-page","status-publish","hentry"],"_links":{"self":[{"href":"https:\/\/www.posuzovanishody.eu\/hlavni-strana\/wp-json\/wp\/v2\/pages\/121","targetHints":{"allow":["GET"]}}],"collection":[{"href":"https:\/\/www.posuzovanishody.eu\/hlavni-strana\/wp-json\/wp\/v2\/pages"}],"about":[{"href":"https:\/\/www.posuzovanishody.eu\/hlavni-strana\/wp-json\/wp\/v2\/types\/page"}],"author":[{"embeddable":true,"href":"https:\/\/www.posuzovanishody.eu\/hlavni-strana\/wp-json\/wp\/v2\/users\/1"}],"replies":[{"embeddable":true,"href":"https:\/\/www.posuzovanishody.eu\/hlavni-strana\/wp-json\/wp\/v2\/comments?post=121"}],"version-history":[{"count":6,"href":"https:\/\/www.posuzovanishody.eu\/hlavni-strana\/wp-json\/wp\/v2\/pages\/121\/revisions"}],"predecessor-version":[{"id":159,"href":"https:\/\/www.posuzovanishody.eu\/hlavni-strana\/wp-json\/wp\/v2\/pages\/121\/revisions\/159"}],"wp:attachment":[{"href":"https:\/\/www.posuzovanishody.eu\/hlavni-strana\/wp-json\/wp\/v2\/media?parent=121"}],"curies":[{"name":"wp","href":"https:\/\/api.w.org\/{rel}","templated":true}]}}